{"id":1954,"date":"2024-03-04T19:05:17","date_gmt":"2024-03-04T19:05:17","guid":{"rendered":"https:\/\/templeofdarknessrecords.com\/?post_type=product&#038;p=1954"},"modified":"2024-05-16T01:30:03","modified_gmt":"2024-05-16T01:30:03","slug":"belketre-ambre-zuerkl-vuorhdrevarvtre-cd","status":"publish","type":"product","link":"https:\/\/templeofdarknessrecords.com\/?product=belketre-ambre-zuerkl-vuorhdrevarvtre-cd","title":{"rendered":"B\u00c8LK\u00c8TRE &#8220;Ambre Zu\u200b\u00e8\u200brkl Vuorhdr\u200b\u00e9\u200bvarvtre&#8221; CD"},"content":{"rendered":"<p>Goat Moon Worship Records \u2013 GMWR 66605<\/p>\n<p>Tracks 1 to 3 taken from demo 1993<br \/>\nTracks 4 to 7 taken from demo 1994<br \/>\nTracks 8 to 9 taken from &#8216;Dark Promise&#8217; demo 1994<br \/>\nTracks 10 to 21 taken from &#8216;Ambre Zu\u00e8rkl Vuorhdr\u00e9varvtre&#8217; demo 1996<\/p>\n<p>Tracklist:<\/p>\n<p>1. The Dark Promise<br \/>\n2. The Dark Promise (Alternate Version)<br \/>\n3. Despair<br \/>\n4. The Dark Promise<br \/>\n5. Despair<br \/>\n6. Twilight Of The Black Holocaust<br \/>\n7. Hatred<br \/>\n8. Despair<br \/>\n9. The Dark Promise<br \/>\n10. Voarmtre Zu\u00e8rkl Vuorhdr\u00e9varvtre<br \/>\n11. D\u00e8mzr\u00e9yavbtre B\u00e8lk\u00ebtraya (= &#8220;The Dark Promise&#8221;)<br \/>\n12. Marbatre\u00e9\u00e8pr\u00e8b<br \/>\n13. Aapr Dgyarveurtre<br \/>\n14. Br\u00e9armdr\u00e8b<br \/>\n15. Damae, Dzl\u00e9ba\u00e9ryavtre\u00e9\u00e8pr\u00e8b<br \/>\n16. V\u00e8rhzl\u00e9yavbtrel\u00e9ambr\u00e8b<br \/>\n17. E\u00e8preb, Vag\u00e9zaryavtre Zu\u00e8rkl<br \/>\n18. Go\u00e9btrevoryalbe<br \/>\n19. Emvandreoatr<br \/>\n20. (untitled)<br \/>\n21. Twilight Of The Black Holocaust<\/p>\n<p>Housed in jewel case with additional cardboard slipcase.<\/p>\n","protected":false},"excerpt":{"rendered":"<p>Goat Moon Worship Records \u2013 GMWR 66605 Tracks 1 to 3 taken from demo 1993 Tracks 4 to 7 taken from demo 1994 Tracks 8 to 9 taken from &#8216;Dark Promise&#8217; demo 1994 Tracks 10 to 21 taken from &#8216;Ambre Zu\u00e8rkl Vuorhdr\u00e9varvtre&#8217; demo 1996 Tracklist: 1. The Dark Promise 2. The Dark Promise (Alternate Version) &hellip; <\/p>\n<p class=\"link-more\"><a href=\"https:\/\/templeofdarknessrecords.com\/?product=belketre-ambre-zuerkl-vuorhdrevarvtre-cd\" class=\"more-link\">Continue reading<span class=\"screen-reader-text\"> &#8220;B\u00c8LK\u00c8TRE &#8220;Ambre Zu\u200b\u00e8\u200brkl Vuorhdr\u200b\u00e9\u200bvarvtre&#8221; CD&#8221;<\/span><\/a><\/p>\n","protected":false},"featured_media":1957,"template":"","meta":[],"product_cat":[21],"product_tag":[24],"yoast_head":"<!-- This site is optimized with the Yoast SEO plugin v22.0 - https:\/\/yoast.com\/wordpress\/plugins\/seo\/ -->\n<title>B\u00c8LK\u00c8TRE &quot;Ambre Zu\u200b\u00e8\u200brkl Vuorhdr\u200b\u00e9\u200bvarvtre&quot; CD - TEMPLE OF DARKNESS RECORDS<\/title>\n<meta name=\"description\" content=\"Black meB\u00c8LK\u00c8TRE &quot;Ambre Zu\u200b\u00e8\u200brkl Vuorhdr\u200b\u00e9\u200bvarvtre&quot; CD Black Metal Kult. Part of Les L\u00e9gions Noires. This CD contains the 1996 demo. Last copies\" \/>\n<meta name=\"robots\" content=\"index, follow, max-snippet:-1, max-image-preview:large, max-video-preview:-1\" \/>\n<link rel=\"canonical\" href=\"https:\/\/templeofdarknessrecords.com\/?product=belketre-ambre-zuerkl-vuorhdrevarvtre-cd\" \/>\n<meta property=\"og:locale\" content=\"en_US\" \/>\n<meta property=\"og:type\" content=\"article\" \/>\n<meta property=\"og:title\" content=\"B\u00c8LK\u00c8TRE &quot;Ambre Zu\u200b\u00e8\u200brkl Vuorhdr\u200b\u00e9\u200bvarvtre&quot; CD - TEMPLE OF DARKNESS RECORDS\" \/>\n<meta property=\"og:description\" content=\"Black meB\u00c8LK\u00c8TRE &quot;Ambre Zu\u200b\u00e8\u200brkl Vuorhdr\u200b\u00e9\u200bvarvtre&quot; CD Black Metal Kult. Part of Les L\u00e9gions Noires. This CD contains the 1996 demo. Last copies\" \/>\n<meta property=\"og:url\" content=\"https:\/\/templeofdarknessrecords.com\/?product=belketre-ambre-zuerkl-vuorhdrevarvtre-cd\" \/>\n<meta property=\"og:site_name\" content=\"TEMPLE OF DARKNESS RECORDS\" \/>\n<meta property=\"article:modified_time\" content=\"2024-05-16T01:30:03+00:00\" \/>\n<meta property=\"og:image\" content=\"http:\/\/templeofdarknessrecords.com\/wp-content\/uploads\/2024\/03\/Belketre-\u2013-Ambre-Zuetki-Vuordrevartre-CD.jpg\" \/>\n\t<meta property=\"og:image:width\" content=\"600\" \/>\n\t<meta property=\"og:image:height\" content=\"600\" \/>\n\t<meta property=\"og:image:type\" content=\"image\/jpeg\" \/>\n<meta name=\"twitter:card\" content=\"summary_large_image\" \/>\n<meta name=\"twitter:label1\" content=\"Est. reading time\" \/>\n\t<meta name=\"twitter:data1\" content=\"1 minute\" \/>\n<script type=\"application\/ld+json\" class=\"yoast-schema-graph\">{\"@context\":\"https:\/\/schema.org\",\"@graph\":[{\"@type\":\"WebPage\",\"@id\":\"https:\/\/templeofdarknessrecords.com\/?product=belketre-ambre-zuerkl-vuorhdrevarvtre-cd\",\"url\":\"https:\/\/templeofdarknessrecords.com\/?product=belketre-ambre-zuerkl-vuorhdrevarvtre-cd\",\"name\":\"B\u00c8LK\u00c8TRE \\\"Ambre Zu\u200b\u00e8\u200brkl Vuorhdr\u200b\u00e9\u200bvarvtre\\\" CD - TEMPLE OF DARKNESS RECORDS\",\"isPartOf\":{\"@id\":\"https:\/\/templeofdarknessrecords.com\/#website\"},\"datePublished\":\"2024-03-04T19:05:17+00:00\",\"dateModified\":\"2024-05-16T01:30:03+00:00\",\"description\":\"Black meB\u00c8LK\u00c8TRE \\\"Ambre Zu\u200b\u00e8\u200brkl Vuorhdr\u200b\u00e9\u200bvarvtre\\\" CD Black Metal Kult. Part of Les L\u00e9gions Noires. This CD contains the 1996 demo. Last copies\",\"breadcrumb\":{\"@id\":\"https:\/\/templeofdarknessrecords.com\/?product=belketre-ambre-zuerkl-vuorhdrevarvtre-cd#breadcrumb\"},\"inLanguage\":\"en-US\",\"potentialAction\":[{\"@type\":\"ReadAction\",\"target\":[\"https:\/\/templeofdarknessrecords.com\/?product=belketre-ambre-zuerkl-vuorhdrevarvtre-cd\"]}]},{\"@type\":\"BreadcrumbList\",\"@id\":\"https:\/\/templeofdarknessrecords.com\/?product=belketre-ambre-zuerkl-vuorhdrevarvtre-cd#breadcrumb\",\"itemListElement\":[{\"@type\":\"ListItem\",\"position\":1,\"name\":\"Portada\",\"item\":\"https:\/\/templeofdarknessrecords.com\/\"},{\"@type\":\"ListItem\",\"position\":2,\"name\":\"SHOP\",\"item\":\"https:\/\/templeofdarknessrecords.com\/?page_id=982\"},{\"@type\":\"ListItem\",\"position\":3,\"name\":\"B\u00c8LK\u00c8TRE &#8220;Ambre Zu\u200b\u00e8\u200brkl Vuorhdr\u200b\u00e9\u200bvarvtre&#8221; CD\"}]},{\"@type\":\"WebSite\",\"@id\":\"https:\/\/templeofdarknessrecords.com\/#website\",\"url\":\"https:\/\/templeofdarknessrecords.com\/\",\"name\":\"TEMPLE OF DARKNESS RECORDS\",\"description\":\"Releasing Obscure Music since 2004\",\"publisher\":{\"@id\":\"https:\/\/templeofdarknessrecords.com\/#organization\"},\"potentialAction\":[{\"@type\":\"SearchAction\",\"target\":{\"@type\":\"EntryPoint\",\"urlTemplate\":\"https:\/\/templeofdarknessrecords.com\/?s={search_term_string}\"},\"query-input\":\"required name=search_term_string\"}],\"inLanguage\":\"en-US\"},{\"@type\":\"Organization\",\"@id\":\"https:\/\/templeofdarknessrecords.com\/#organization\",\"name\":\"TEMPLE OF DARKNESS RECORDS\",\"url\":\"https:\/\/templeofdarknessrecords.com\/\",\"logo\":{\"@type\":\"ImageObject\",\"inLanguage\":\"en-US\",\"@id\":\"https:\/\/templeofdarknessrecords.com\/#\/schema\/logo\/image\/\",\"url\":\"https:\/\/templeofdarknessrecords.com\/wp-content\/uploads\/2018\/05\/cropped-TOD-LOGO-PNG.png\",\"contentUrl\":\"https:\/\/templeofdarknessrecords.com\/wp-content\/uploads\/2018\/05\/cropped-TOD-LOGO-PNG.png\",\"width\":500,\"height\":250,\"caption\":\"TEMPLE OF DARKNESS RECORDS\"},\"image\":{\"@id\":\"https:\/\/templeofdarknessrecords.com\/#\/schema\/logo\/image\/\"}}]}<\/script>\n<!-- \/ Yoast SEO plugin. -->","yoast_head_json":{"title":"B\u00c8LK\u00c8TRE \"Ambre Zu\u200b\u00e8\u200brkl Vuorhdr\u200b\u00e9\u200bvarvtre\" CD - TEMPLE OF DARKNESS RECORDS","description":"Black meB\u00c8LK\u00c8TRE \"Ambre Zu\u200b\u00e8\u200brkl Vuorhdr\u200b\u00e9\u200bvarvtre\" CD Black Metal Kult. Part of Les L\u00e9gions Noires. This CD contains the 1996 demo. Last copies","robots":{"index":"index","follow":"follow","max-snippet":"max-snippet:-1","max-image-preview":"max-image-preview:large","max-video-preview":"max-video-preview:-1"},"canonical":"https:\/\/templeofdarknessrecords.com\/?product=belketre-ambre-zuerkl-vuorhdrevarvtre-cd","og_locale":"en_US","og_type":"article","og_title":"B\u00c8LK\u00c8TRE \"Ambre Zu\u200b\u00e8\u200brkl Vuorhdr\u200b\u00e9\u200bvarvtre\" CD - TEMPLE OF DARKNESS RECORDS","og_description":"Black meB\u00c8LK\u00c8TRE \"Ambre Zu\u200b\u00e8\u200brkl Vuorhdr\u200b\u00e9\u200bvarvtre\" CD Black Metal Kult. Part of Les L\u00e9gions Noires. This CD contains the 1996 demo. Last copies","og_url":"https:\/\/templeofdarknessrecords.com\/?product=belketre-ambre-zuerkl-vuorhdrevarvtre-cd","og_site_name":"TEMPLE OF DARKNESS RECORDS","article_modified_time":"2024-05-16T01:30:03+00:00","og_image":[{"width":600,"height":600,"url":"http:\/\/templeofdarknessrecords.com\/wp-content\/uploads\/2024\/03\/Belketre-\u2013-Ambre-Zuetki-Vuordrevartre-CD.jpg","type":"image\/jpeg"}],"twitter_card":"summary_large_image","twitter_misc":{"Est. reading time":"1 minute"},"schema":{"@context":"https:\/\/schema.org","@graph":[{"@type":"WebPage","@id":"https:\/\/templeofdarknessrecords.com\/?product=belketre-ambre-zuerkl-vuorhdrevarvtre-cd","url":"https:\/\/templeofdarknessrecords.com\/?product=belketre-ambre-zuerkl-vuorhdrevarvtre-cd","name":"B\u00c8LK\u00c8TRE \"Ambre Zu\u200b\u00e8\u200brkl Vuorhdr\u200b\u00e9\u200bvarvtre\" CD - TEMPLE OF DARKNESS RECORDS","isPartOf":{"@id":"https:\/\/templeofdarknessrecords.com\/#website"},"datePublished":"2024-03-04T19:05:17+00:00","dateModified":"2024-05-16T01:30:03+00:00","description":"Black meB\u00c8LK\u00c8TRE \"Ambre Zu\u200b\u00e8\u200brkl Vuorhdr\u200b\u00e9\u200bvarvtre\" CD Black Metal Kult. Part of Les L\u00e9gions Noires. This CD contains the 1996 demo. Last copies","breadcrumb":{"@id":"https:\/\/templeofdarknessrecords.com\/?product=belketre-ambre-zuerkl-vuorhdrevarvtre-cd#breadcrumb"},"inLanguage":"en-US","potentialAction":[{"@type":"ReadAction","target":["https:\/\/templeofdarknessrecords.com\/?product=belketre-ambre-zuerkl-vuorhdrevarvtre-cd"]}]},{"@type":"BreadcrumbList","@id":"https:\/\/templeofdarknessrecords.com\/?product=belketre-ambre-zuerkl-vuorhdrevarvtre-cd#breadcrumb","itemListElement":[{"@type":"ListItem","position":1,"name":"Portada","item":"https:\/\/templeofdarknessrecords.com\/"},{"@type":"ListItem","position":2,"name":"SHOP","item":"https:\/\/templeofdarknessrecords.com\/?page_id=982"},{"@type":"ListItem","position":3,"name":"B\u00c8LK\u00c8TRE &#8220;Ambre Zu\u200b\u00e8\u200brkl Vuorhdr\u200b\u00e9\u200bvarvtre&#8221; CD"}]},{"@type":"WebSite","@id":"https:\/\/templeofdarknessrecords.com\/#website","url":"https:\/\/templeofdarknessrecords.com\/","name":"TEMPLE OF DARKNESS RECORDS","description":"Releasing Obscure Music since 2004","publisher":{"@id":"https:\/\/templeofdarknessrecords.com\/#organization"},"potentialAction":[{"@type":"SearchAction","target":{"@type":"EntryPoint","urlTemplate":"https:\/\/templeofdarknessrecords.com\/?s={search_term_string}"},"query-input":"required name=search_term_string"}],"inLanguage":"en-US"},{"@type":"Organization","@id":"https:\/\/templeofdarknessrecords.com\/#organization","name":"TEMPLE OF DARKNESS RECORDS","url":"https:\/\/templeofdarknessrecords.com\/","logo":{"@type":"ImageObject","inLanguage":"en-US","@id":"https:\/\/templeofdarknessrecords.com\/#\/schema\/logo\/image\/","url":"https:\/\/templeofdarknessrecords.com\/wp-content\/uploads\/2018\/05\/cropped-TOD-LOGO-PNG.png","contentUrl":"https:\/\/templeofdarknessrecords.com\/wp-content\/uploads\/2018\/05\/cropped-TOD-LOGO-PNG.png","width":500,"height":250,"caption":"TEMPLE OF DARKNESS RECORDS"},"image":{"@id":"https:\/\/templeofdarknessrecords.com\/#\/schema\/logo\/image\/"}}]}},"jetpack_sharing_enabled":true,"post_mailing_queue_ids":[],"_links":{"self":[{"href":"https:\/\/templeofdarknessrecords.com\/index.php?rest_route=\/wp\/v2\/product\/1954"}],"collection":[{"href":"https:\/\/templeofdarknessrecords.com\/index.php?rest_route=\/wp\/v2\/product"}],"about":[{"href":"https:\/\/templeofdarknessrecords.com\/index.php?rest_route=\/wp\/v2\/types\/product"}],"wp:featuredmedia":[{"embeddable":true,"href":"https:\/\/templeofdarknessrecords.com\/index.php?rest_route=\/wp\/v2\/media\/1957"}],"wp:attachment":[{"href":"https:\/\/templeofdarknessrecords.com\/index.php?rest_route=%2Fwp%2Fv2%2Fmedia&parent=1954"}],"wp:term":[{"taxonomy":"product_cat","embeddable":true,"href":"https:\/\/templeofdarknessrecords.com\/index.php?rest_route=%2Fwp%2Fv2%2Fproduct_cat&post=1954"},{"taxonomy":"product_tag","embeddable":true,"href":"https:\/\/templeofdarknessrecords.com\/index.php?rest_route=%2Fwp%2Fv2%2Fproduct_tag&post=1954"}],"curies":[{"name":"wp","href":"https:\/\/api.w.org\/{rel}","templated":true}]}}